{"id":1263,"date":"2025-10-14T17:20:19","date_gmt":"2025-10-14T17:20:19","guid":{"rendered":"https:\/\/actuate.systems\/?post_type=product&#038;p=1263"},"modified":"2025-10-14T17:26:21","modified_gmt":"2025-10-14T17:26:21","slug":"magnetic-track-spring-rugos-rogzitoful","status":"publish","type":"product","link":"https:\/\/actuate.systems\/?product=magnetic-track-spring-rugos-rogzitoful","title":{"rendered":"Magnetic Track Spring\/rug\u00f3s r\u00f6gz\u00edt\u0151f\u00fcl"},"content":{"rendered":"<div class=\"artdet__name-wrap mb-3 mb-lg-0\">\n<div class=\"row align-items-center row-gap-5\">\n<div class=\"col order-lg-1 d-flex flex-wrap flex-md-nowrap align-items-center row-gap-5 col-gap-10\">\n<div class=\"artdet__name-wrap mb-3 mb-lg-0\">\n<div class=\"row align-items-center row-gap-5\">\n<div class=\"col order-lg-1 d-flex flex-wrap flex-md-nowrap align-items-center row-gap-5 col-gap-10\">\n<div class=\"artdet__name-wrap mb-3 mb-lg-0\">\n<div class=\"row align-items-center row-gap-5\">\n<div class=\"col order-lg-1 d-flex flex-wrap flex-md-nowrap align-items-center row-gap-5 col-gap-10\">\n<div class=\"artdet__name-wrap mb-3 mb-lg-0\">\n<div class=\"row align-items-center row-gap-5\">\n<div class=\"col order-lg-1 d-flex flex-wrap flex-md-nowrap align-items-center row-gap-5 col-gap-10\">\n<div class=\"artdet__name-wrap mb-3 mb-lg-0\">\n<div class=\"row align-items-center row-gap-5\">\n<div class=\"col order-lg-1 d-flex flex-wrap flex-md-nowrap align-items-center row-gap-5 col-gap-10\">\n<div class=\"artdet__name-wrap mb-3 mb-lg-0\">\n<div class=\"row align-items-center row-gap-5\">\n<div class=\"col order-lg-1 d-flex flex-wrap flex-md-nowrap align-items-center row-gap-5 col-gap-10\">\n<div class=\"artdet__name-wrap mb-3 mb-lg-0\">\n<div class=\"row align-items-center row-gap-5\">\n<div class=\"col order-lg-1 d-flex flex-wrap flex-md-nowrap align-items-center row-gap-5 col-gap-10\">\n<div class=\"artdet__name-wrap mb-3 mb-lg-0\">\n<div class=\"row align-items-center row-gap-5\">\n<div class=\"col order-lg-1 d-flex flex-wrap flex-md-nowrap align-items-center row-gap-5 col-gap-10\">\n<div class=\"artdet__name-wrap mb-3 mb-lg-0\">\n<div class=\"row align-items-center row-gap-5\">\n<div class=\"col order-lg-1 d-flex flex-wrap flex-md-nowrap align-items-center row-gap-5 col-gap-10\">\n<div class=\"artdet__name-wrap mb-3 mb-lg-0\">\n<div class=\"row align-items-center row-gap-5\">\n<div class=\"col order-lg-1 d-flex flex-wrap flex-md-nowrap align-items-center row-gap-5 col-gap-10\">\n<div class=\"artdet__name-wrap mb-3 mb-lg-0\">\n<div class=\"row align-items-center row-gap-5\">\n<div class=\"col order-lg-1 d-flex flex-wrap flex-md-nowrap align-items-center row-gap-5 col-gap-10\">\n<div class=\"artdet__name-wrap mb-3 mb-lg-0\">\n<div class=\"row align-items-center row-gap-5\">\n<div class=\"col order-lg-1 d-flex flex-wrap flex-md-nowrap align-items-center row-gap-5 col-gap-10\">\n<div class=\"artdet__name-wrap mb-3 mb-lg-0\">\n<div class=\"row align-items-center row-gap-5\">\n<div class=\"col order-lg-1 d-flex flex-wrap flex-md-nowrap align-items-center row-gap-5 col-gap-10\">\n<div class=\"artdet__name-wrap mb-3 mb-lg-0\">\n<div class=\"row align-items-center row-gap-5\">\n<div class=\"col order-lg-1 d-flex flex-wrap flex-md-nowrap align-items-center row-gap-5 col-gap-10\">\n<div class=\"artdet__name-wrap mb-3 mb-lg-0\">\n<div class=\"row align-items-center row-gap-5\">\n<div class=\"col order-lg-1 d-flex flex-wrap flex-md-nowrap align-items-center row-gap-5 col-gap-10\">\n<div class=\"artdet__name-wrap mb-3 mb-lg-0\">\n<div class=\"row align-items-center row-gap-5\">\n<div class=\"col order-lg-1 d-flex flex-wrap flex-md-nowrap align-items-center row-gap-5 col-gap-10\">\n<div class=\"artdet__name-wrap mb-3 mb-lg-0\">\n<div class=\"row align-items-center row-gap-5\">\n<div class=\"col order-lg-1 d-flex flex-wrap flex-md-nowrap align-items-center row-gap-5 col-gap-10\">\n<div class=\"artdet__name-wrap mb-3 mb-lg-0\">\n<div class=\"row align-items-center row-gap-5\">\n<div class=\"col order-lg-1 d-flex flex-wrap flex-md-nowrap align-items-center row-gap-5 col-gap-10\">\n<div class=\"artdet__name-wrap mb-3 mb-lg-0\">\n<div class=\"row align-items-center row-gap-5\">\n<div class=\"col order-lg-1 d-flex flex-wrap flex-md-nowrap align-items-center row-gap-5 col-gap-10\">\n<div class=\"artdet__name-wrap mb-3 mb-lg-0\">\n<div class=\"row align-items-center row-gap-5\">\n<div class=\"col order-lg-1 d-flex flex-wrap flex-md-nowrap align-items-center row-gap-5 col-gap-10\">\n<div class=\"artdet__name-wrap mb-3 mb-lg-0\">\n<div class=\"row align-items-center row-gap-5\">\n<div class=\"col order-lg-1 d-flex flex-wrap flex-md-nowrap align-items-center row-gap-5 col-gap-10\">\n<div class=\"artdet__name-wrap mb-3 mb-lg-0\">\n<div class=\"row align-items-center row-gap-5\">\n<div class=\"col order-lg-1 d-flex flex-wrap flex-md-nowrap align-items-center row-gap-5 col-gap-10\">\n<div class=\"artdet__name-wrap mb-3 mb-lg-0\">\n<div class=\"row align-items-center row-gap-5\">\n<div class=\"col order-lg-1 d-flex flex-wrap flex-md-nowrap align-items-center row-gap-5 col-gap-10\">\n<div class=\"artdet__name-wrap mb-3 mb-lg-0\">\n<div class=\"row align-items-center row-gap-5\">\n<div class=\"col order-lg-1 d-flex flex-wrap flex-md-nowrap align-items-center row-gap-5 col-gap-10\">\n<div class=\"artdet__name-wrap mb-3 mb-lg-0\">\n<div class=\"row align-items-center row-gap-5\">\n<div class=\"col order-lg-1 d-flex flex-wrap flex-md-nowrap align-items-center row-gap-5 col-gap-10\">\n<div class=\"artdet__name-wrap mb-3 mb-lg-0\">\n<div class=\"row align-items-center row-gap-5\">\n<div class=\"col order-lg-1 d-flex flex-wrap flex-md-nowrap align-items-center row-gap-5 col-gap-10\">\n<div class=\"artdet__name-wrap mb-3 mb-lg-0\">\n<div class=\"row align-items-center row-gap-5\">\n<div class=\"col order-lg-1 d-flex flex-wrap flex-md-nowrap align-items-center row-gap-5 col-gap-10\">\n<div class=\"artdet__name-wrap mb-3 mb-lg-0\">\n<div class=\"row align-items-center row-gap-5\">\n<div class=\"col order-lg-1 d-flex flex-wrap flex-md-nowrap align-items-center row-gap-5 col-gap-10\">\n<div class=\"artdet__name-wrap mb-3 mb-lg-0\">\n<div class=\"row align-items-center row-gap-5\">\n<div class=\"col order-lg-1 d-flex flex-wrap flex-md-nowrap align-items-center row-gap-5 col-gap-10\">\n<div class=\"artdet__name-wrap mb-3 mb-lg-0\">\n<div class=\"row align-items-center row-gap-5\">\n<div class=\"col order-lg-1 d-flex flex-wrap flex-md-nowrap align-items-center row-gap-5 col-gap-10\">\n<div class=\"artdet__name-wrap mb-3 mb-lg-0\">\n<div class=\"row align-items-center row-gap-5\">\n<div class=\"col order-lg-1 d-flex flex-wrap flex-md-nowrap align-items-center row-gap-5 col-gap-10\">\n<div class=\"artdet__name-wrap mb-3 mb-lg-0\">\n<div class=\"row align-items-center row-gap-5\">\n<div class=\"col order-lg-1 d-flex flex-wrap flex-md-nowrap align-items-center row-gap-5 col-gap-10\">\n<div class=\"artdet__name-wrap mb-3 mb-lg-0\">\n<div class=\"row align-items-center row-gap-5\">\n<div class=\"col order-lg-1 d-flex flex-wrap flex-md-nowrap align-items-center row-gap-5 col-gap-10\">\n<div class=\"artdet__name-wrap mb-3 mb-lg-0\">\n<div class=\"row align-items-center row-gap-5\">\n<div class=\"col order-lg-1 d-flex flex-wrap flex-md-nowrap align-items-center row-gap-5 col-gap-10\">\n<div class=\"artdet__name-wrap mb-3 mb-lg-0\">\n<div class=\"row align-items-center row-gap-5\">\n<div class=\"col order-lg-1 d-flex flex-wrap flex-md-nowrap align-items-center row-gap-5 col-gap-10\">\n<h1 class=\"artdet__name mb-0\" title=\"Magnetic Track Spring\/rug\u00f3s r\u00f6gz\u00edt\u0151f\u00fcl\n\">Magnetic Track Spring\/rug\u00f3s r\u00f6gz\u00edt\u0151f\u00fcl<\/h1>\n<\/div>\n<\/div>\n<\/div>\n<p class=\"artdet__name mb-0\" title=\"MT20 DALI 4KLight 48V-20W 100\u00b0 B \"><strong>MODEL: AMT-SC50<\/strong><br \/>\n\u2022 MTR20\/MTR16 Recessed Track Spring, 50mm<br \/>\n\u2022 Material: Iron<br \/>\n\u2022 For 4-Wire Recessed Magnetic Track<br \/>\n\u2022 Dimension: 49x47mm<\/p>\n<\/div>\n<\/div>\n<\/div>\n<\/div>\n<\/div>\n<\/div>\n<\/div>\n<\/div>\n<\/div>\n<\/div>\n<\/div>\n<\/div>\n<\/div>\n<\/div>\n<\/div>\n<\/div>\n<\/div>\n<\/div>\n<\/div>\n<\/div>\n<\/div>\n<\/div>\n<\/div>\n<\/div>\n<\/div>\n<\/div>\n<\/div>\n<\/div>\n<\/div>\n<\/div>\n<\/div>\n<\/div>\n<\/div>\n<\/div>\n<\/div>\n<\/div>\n<\/div>\n<\/div>\n<\/div>\n<\/div>\n<\/div>\n<\/div>\n<\/div>\n<\/div>\n<\/div>\n<\/div>\n<\/div>\n<\/div>\n<\/div>\n<\/div>\n<\/div>\n<\/div>\n<\/div>\n<\/div>\n<\/div>\n<\/div>\n<\/div>\n<\/div>\n<\/div>\n<\/div>\n<\/div>\n<\/div>\n<\/div>\n<\/div>\n<\/div>\n<\/div>\n<\/div>\n<\/div>\n<\/div>\n<\/div>\n<\/div>\n<\/div>\n<\/div>\n<\/div>\n<\/div>\n<\/div>\n<\/div>\n<\/div>\n<\/div>\n<\/div>\n<\/div>\n<\/div>\n<\/div>\n<\/div>\n<\/div>\n<\/div>\n<\/div>\n<\/div>\n<\/div>\n<\/div>\n<\/div>\n<\/div>\n<\/div>\n<\/div>\n<\/div>\n<\/div>\n<\/div>\n<\/div>\n<\/div>\n<\/div>\n<\/div>\n<\/div>\n","protected":false},"excerpt":{"rendered":"<div class=\"artdet__name-wrap mb-3 mb-lg-0\">\n<div class=\"row align-items-center row-gap-5\">\n<div class=\"col order-lg-1 d-flex flex-wrap flex-md-nowrap align-items-center row-gap-5 col-gap-10\">\n<div class=\"artdet__name-wrap mb-3 mb-lg-0\">\n<div class=\"row align-items-center row-gap-5\">\n<div class=\"col order-lg-1 d-flex flex-wrap flex-md-nowrap align-items-center row-gap-5 col-gap-10\">\n<div class=\"artdet__name-wrap mb-3 mb-lg-0\">\n<div class=\"row align-items-center row-gap-5\">\n<div class=\"col order-lg-1 d-flex flex-wrap flex-md-nowrap align-items-center row-gap-5 col-gap-10\">\n<div class=\"artdet__name-wrap mb-3 mb-lg-0\">\n<div class=\"row align-items-center row-gap-5\">\n<div class=\"col order-lg-1 d-flex flex-wrap flex-md-nowrap align-items-center row-gap-5 col-gap-10\">\n<div class=\"artdet__name-wrap mb-3 mb-lg-0\">\n<div class=\"row align-items-center row-gap-5\">\n<div class=\"col order-lg-1 d-flex flex-wrap flex-md-nowrap align-items-center row-gap-5 col-gap-10\">\n<div class=\"artdet__name-wrap mb-3 mb-lg-0\">\n<div class=\"row align-items-center row-gap-5\">\n<div class=\"col order-lg-1 d-flex flex-wrap flex-md-nowrap align-items-center row-gap-5 col-gap-10\">\n<div class=\"artdet__name-wrap mb-3 mb-lg-0\">\n<div class=\"row align-items-center row-gap-5\">\n<div class=\"col order-lg-1 d-flex flex-wrap flex-md-nowrap align-items-center row-gap-5 col-gap-10\">\n<div class=\"artdet__name-wrap mb-3 mb-lg-0\">\n<div class=\"row align-items-center row-gap-5\">\n<div class=\"col order-lg-1 d-flex flex-wrap flex-md-nowrap align-items-center row-gap-5 col-gap-10\">\n<div class=\"artdet__name-wrap mb-3 mb-lg-0\">\n<div class=\"row align-items-center row-gap-5\">\n<div class=\"col order-lg-1 d-flex flex-wrap flex-md-nowrap align-items-center row-gap-5 col-gap-10\">\n<div class=\"artdet__name-wrap mb-3 mb-lg-0\">\n<div class=\"row align-items-center row-gap-5\">\n<div class=\"col order-lg-1 d-flex flex-wrap flex-md-nowrap align-items-center row-gap-5 col-gap-10\">\n<div class=\"artdet__name-wrap mb-3 mb-lg-0\">\n<div class=\"row align-items-center row-gap-5\">\n<div class=\"col order-lg-1 d-flex flex-wrap flex-md-nowrap align-items-center row-gap-5 col-gap-10\">\n<div class=\"artdet__name-wrap mb-3 mb-lg-0\">\n<div class=\"row align-items-center row-gap-5\">\n<div class=\"col order-lg-1 d-flex flex-wrap flex-md-nowrap align-items-center row-gap-5 col-gap-10\">\n<div class=\"artdet__name-wrap mb-3 mb-lg-0\">\n<div class=\"row align-items-center row-gap-5\">\n<div class=\"col order-lg-1 d-flex flex-wrap flex-md-nowrap align-items-center row-gap-5 col-gap-10\">\n<div class=\"artdet__name-wrap mb-3 mb-lg-0\">\n<div class=\"row align-items-center row-gap-5\">\n<div class=\"col order-lg-1 d-flex flex-wrap flex-md-nowrap align-items-center row-gap-5 col-gap-10\">\n<div class=\"artdet__name-wrap mb-3 mb-lg-0\">\n<div class=\"row align-items-center row-gap-5\">\n<div class=\"col order-lg-1 d-flex flex-wrap flex-md-nowrap align-items-center row-gap-5 col-gap-10\">\n<div class=\"artdet__name-wrap mb-3 mb-lg-0\">\n<div class=\"row align-items-center row-gap-5\">\n<div class=\"col order-lg-1 d-flex flex-wrap flex-md-nowrap align-items-center row-gap-5 col-gap-10\">\n<div class=\"artdet__name-wrap mb-3 mb-lg-0\">\n<div class=\"row align-items-center row-gap-5\">\n<div class=\"col order-lg-1 d-flex flex-wrap flex-md-nowrap align-items-center row-gap-5 col-gap-10\">\n<div class=\"artdet__name-wrap mb-3 mb-lg-0\">\n<div class=\"row align-items-center row-gap-5\">\n<div class=\"col order-lg-1 d-flex flex-wrap flex-md-nowrap align-items-center row-gap-5 col-gap-10\">\n<div class=\"artdet__name-wrap mb-3 mb-lg-0\">\n<div class=\"row align-items-center row-gap-5\">\n<div class=\"col order-lg-1 d-flex flex-wrap flex-md-nowrap align-items-center row-gap-5 col-gap-10\">\n<div class=\"artdet__name-wrap mb-3 mb-lg-0\">\n<div class=\"row align-items-center row-gap-5\">\n<div class=\"col order-lg-1 d-flex flex-wrap flex-md-nowrap align-items-center row-gap-5 col-gap-10\">\n<div class=\"artdet__name-wrap mb-3 mb-lg-0\">\n<div class=\"row align-items-center row-gap-5\">\n<div class=\"col order-lg-1 d-flex flex-wrap flex-md-nowrap align-items-center row-gap-5 col-gap-10\">\n<div class=\"artdet__name-wrap mb-3 mb-lg-0\">\n<div class=\"row align-items-center row-gap-5\">\n<div class=\"col order-lg-1 d-flex flex-wrap flex-md-nowrap align-items-center row-gap-5 col-gap-10\">\n<div class=\"artdet__name-wrap mb-3 mb-lg-0\">\n<div class=\"row align-items-center row-gap-5\">\n<div class=\"col order-lg-1 d-flex flex-wrap flex-md-nowrap align-items-center row-gap-5 col-gap-10\">\n<div class=\"artdet__name-wrap mb-3 mb-lg-0\">\n<div class=\"row align-items-center row-gap-5\">\n<div class=\"col order-lg-1 d-flex flex-wrap flex-md-nowrap align-items-center row-gap-5 col-gap-10\">\n<div class=\"artdet__name-wrap mb-3 mb-lg-0\">\n<div class=\"row align-items-center row-gap-5\">\n<div class=\"col order-lg-1 d-flex flex-wrap flex-md-nowrap align-items-center row-gap-5 col-gap-10\">\n<div class=\"artdet__name-wrap mb-3 mb-lg-0\">\n<div class=\"row align-items-center row-gap-5\">\n<div class=\"col order-lg-1 d-flex flex-wrap flex-md-nowrap align-items-center row-gap-5 col-gap-10\">\n<div class=\"artdet__name-wrap mb-3 mb-lg-0\">\n<div class=\"row align-items-center row-gap-5\">\n<div class=\"col order-lg-1 d-flex flex-wrap flex-md-nowrap align-items-center row-gap-5 col-gap-10\">\n<div class=\"artdet__name-wrap mb-3 mb-lg-0\">\n<div class=\"row align-items-center row-gap-5\">\n<div class=\"col order-lg-1 d-flex flex-wrap flex-md-nowrap align-items-center row-gap-5 col-gap-10\">\n<div class=\"artdet__name-wrap mb-3 mb-lg-0\">\n<div class=\"row align-items-center row-gap-5\">\n<div class=\"col order-lg-1 d-flex flex-wrap flex-md-nowrap align-items-center row-gap-5 col-gap-10\">\n<div class=\"artdet__name-wrap mb-3 mb-lg-0\">\n<div class=\"row align-items-center row-gap-5\">\n<div class=\"col order-lg-1 d-flex flex-wrap flex-md-nowrap align-items-center row-gap-5 col-gap-10\">\n<div class=\"artdet__name-wrap mb-3 mb-lg-0\">\n<div class=\"row align-items-center row-gap-5\">\n<div class=\"col order-lg-1 d-flex flex-wrap flex-md-nowrap align-items-center row-gap-5 col-gap-10\">\n<div class=\"artdet__name-wrap mb-3 mb-lg-0\">\n<div class=\"row align-items-center row-gap-5\">\n<div class=\"col order-lg-1 d-flex flex-wrap flex-md-nowrap align-items-center row-gap-5 col-gap-10\">\n<div class=\"artdet__name-wrap mb-3 mb-lg-0\">\n<div class=\"row align-items-center row-gap-5\">\n<div class=\"col order-lg-1 d-flex flex-wrap flex-md-nowrap align-items-center row-gap-5 col-gap-10\">\n<div class=\"artdet__name-wrap mb-3 mb-lg-0\">\n<div class=\"row align-items-center row-gap-5\">\n<div class=\"col order-lg-1 d-flex flex-wrap flex-md-nowrap align-items-center row-gap-5 col-gap-10\">\n<div class=\"artdet__name-wrap mb-3 mb-lg-0\">\n<div class=\"row align-items-center row-gap-5\">\n<div class=\"col order-lg-1 d-flex flex-wrap flex-md-nowrap align-items-center row-gap-5 col-gap-10\">\n<div class=\"artdet__name-wrap mb-3 mb-lg-0\">\n<div class=\"row align-items-center row-gap-5\">\n<div class=\"col order-lg-1 d-flex flex-wrap flex-md-nowrap align-items-center row-gap-5 col-gap-10\">\n<div class=\"artdet__name-wrap mb-3 mb-lg-0\">\n<div class=\"row align-items-center row-gap-5\">\n<div class=\"col order-lg-1 d-flex flex-wrap flex-md-nowrap align-items-center row-gap-5 col-gap-10\">\n<div class=\"artdet__name-wrap mb-3 mb-lg-0\">\n<div class=\"row align-items-center row-gap-5\">\n<div class=\"col order-lg-1 d-flex flex-wrap flex-md-nowrap align-items-center row-gap-5 col-gap-10\">\n<div class=\"artdet__name-wrap mb-3 mb-lg-0\">\n<div class=\"row align-items-center row-gap-5\">\n<div class=\"col order-lg-1 d-flex flex-wrap flex-md-nowrap align-items-center row-gap-5 col-gap-10\">\n<h1 class=\"artdet__name mb-0\" title=\"Magnetic Track Spring\/rug\u00f3s r\u00f6gz\u00edt\u0151f\u00fcl\n\">Magnetic Track Spring\/rug\u00f3s r\u00f6gz\u00edt\u0151f\u00fcl<\/h1>\n<\/div>\n<\/div>\n<\/div>\n<p class=\"artdet__name mb-0\" title=\"MT20 DALI 4KLight 48V-20W 100\u00b0 B \"><strong>MODEL: AMT-SC50<\/strong><\/p>\n<\/div>\n<\/div>\n<\/div>\n<\/div>\n<\/div>\n<\/div>\n<\/div>\n<\/div>\n<\/div>\n<\/div>\n<\/div>\n<\/div>\n<\/div>\n<\/div>\n<\/div>\n<\/div>\n<\/div>\n<\/div>\n<\/div>\n<\/div>\n<\/div>\n<\/div>\n<\/div>\n<\/div>\n<\/div>\n<\/div>\n<\/div>\n<\/div>\n<\/div>\n<\/div>\n<\/div>\n<\/div>\n<\/div>\n<\/div>\n<\/div>\n<\/div>\n<\/div>\n<\/div>\n<\/div>\n<\/div>\n<\/div>\n<\/div>\n<\/div>\n<\/div>\n<\/div>\n<\/div>\n<\/div>\n<\/div>\n<\/div>\n<\/div>\n<\/div>\n<\/div>\n<\/div>\n<\/div>\n<\/div>\n<\/div>\n<\/div>\n<\/div>\n<\/div>\n<\/div>\n<\/div>\n<\/div>\n<\/div>\n<\/div>\n<\/div>\n<\/div>\n<\/div>\n<\/div>\n<\/div>\n<\/div>\n<\/div>\n<\/div>\n<\/div>\n<\/div>\n<\/div>\n<\/div>\n<\/div>\n<\/div>\n<\/div>\n<\/div>\n<\/div>\n<\/div>\n<\/div>\n<\/div>\n<\/div>\n<\/div>\n<\/div>\n<\/div>\n<\/div>\n<\/div>\n<\/div>\n<\/div>\n<\/div>\n<\/div>\n<\/div>\n<\/div>\n<\/div>\n<\/div>\n<\/div>\n<\/div>\n<\/div>\n<\/div>\n<\/div>\n<\/div>\n<\/div>\n<\/div>\n<\/div>\n<\/div>\n<\/div>\n<\/div>\n<\/div>\n<\/div>\n<\/div>\n<\/div>\n","protected":false},"featured_media":1266,"comment_status":"closed","ping_status":"closed","template":"","meta":[],"product_brand":[],"product_cat":[51],"product_tag":[],"class_list":{"0":"post-1263","1":"product","2":"type-product","3":"status-publish","4":"has-post-thumbnail","6":"product_cat-accessories-for-mt20-tracks-48v","8":"first","9":"instock","10":"shipping-taxable","11":"purchasable","12":"product-type-simple"},"_links":{"self":[{"href":"https:\/\/actuate.systems\/index.php?rest_route=\/wp\/v2\/product\/1263","targetHints":{"allow":["GET"]}}],"collection":[{"href":"https:\/\/actuate.systems\/index.php?rest_route=\/wp\/v2\/product"}],"about":[{"href":"https:\/\/actuate.systems\/index.php?rest_route=\/wp\/v2\/types\/product"}],"replies":[{"embeddable":true,"href":"https:\/\/actuate.systems\/index.php?rest_route=%2Fwp%2Fv2%2Fcomments&post=1263"}],"wp:featuredmedia":[{"embeddable":true,"href":"https:\/\/actuate.systems\/index.php?rest_route=\/wp\/v2\/media\/1266"}],"wp:attachment":[{"href":"https:\/\/actuate.systems\/index.php?rest_route=%2Fwp%2Fv2%2Fmedia&parent=1263"}],"wp:term":[{"taxonomy":"product_brand","embeddable":true,"href":"https:\/\/actuate.systems\/index.php?rest_route=%2Fwp%2Fv2%2Fproduct_brand&post=1263"},{"taxonomy":"product_cat","embeddable":true,"href":"https:\/\/actuate.systems\/index.php?rest_route=%2Fwp%2Fv2%2Fproduct_cat&post=1263"},{"taxonomy":"product_tag","embeddable":true,"href":"https:\/\/actuate.systems\/index.php?rest_route=%2Fwp%2Fv2%2Fproduct_tag&post=1263"}],"curies":[{"name":"wp","href":"https:\/\/api.w.org\/{rel}","templated":true}]}}