{"id":1334,"date":"2025-10-15T07:11:30","date_gmt":"2025-10-15T07:11:30","guid":{"rendered":"https:\/\/actuate.systems\/?post_type=product&#038;p=1334"},"modified":"2025-10-15T07:17:53","modified_gmt":"2025-10-15T07:17:53","slug":"mt-hang-attachment-fuggeszto-keszlet-w","status":"publish","type":"product","link":"https:\/\/actuate.systems\/?product=mt-hang-attachment-fuggeszto-keszlet-w","title":{"rendered":"MT Hang Attachment\/F\u00fcggeszt\u0151 k\u00e9szlet W"},"content":{"rendered":"<div class=\"artdet__name-wrap mb-3 mb-lg-0\">\n<div class=\"row align-items-center row-gap-5\">\n<div class=\"col order-lg-1 d-flex flex-wrap flex-md-nowrap align-items-center row-gap-5 col-gap-10\">\n<div class=\"artdet__name-wrap mb-3 mb-lg-0\">\n<div class=\"row align-items-center row-gap-5\">\n<div class=\"col order-lg-1 d-flex flex-wrap flex-md-nowrap align-items-center row-gap-5 col-gap-10\">\n<div class=\"artdet__name-wrap mb-3 mb-lg-0\">\n<div class=\"row align-items-center row-gap-5\">\n<div class=\"col order-lg-1 d-flex flex-wrap flex-md-nowrap align-items-center row-gap-5 col-gap-10\">\n<div class=\"artdet__name-wrap mb-3 mb-lg-0\">\n<div class=\"row align-items-center row-gap-5\">\n<div class=\"col order-lg-1 d-flex flex-wrap flex-md-nowrap align-items-center row-gap-5 col-gap-10\">\n<div class=\"artdet__name-wrap mb-3 mb-lg-0\">\n<div class=\"row align-items-center row-gap-5\">\n<div class=\"col order-lg-1 d-flex flex-wrap flex-md-nowrap align-items-center row-gap-5 col-gap-10\">\n<div class=\"artdet__name-wrap mb-3 mb-lg-0\">\n<div class=\"row align-items-center row-gap-5\">\n<div class=\"col order-lg-1 d-flex flex-wrap flex-md-nowrap align-items-center row-gap-5 col-gap-10\">\n<div class=\"artdet__name-wrap mb-3 mb-lg-0\">\n<div class=\"row align-items-center row-gap-5\">\n<div class=\"col order-lg-1 d-flex flex-wrap flex-md-nowrap align-items-center row-gap-5 col-gap-10\">\n<div class=\"artdet__name-wrap mb-3 mb-lg-0\">\n<div class=\"row align-items-center row-gap-5\">\n<div class=\"col order-lg-1 d-flex flex-wrap flex-md-nowrap align-items-center row-gap-5 col-gap-10\">\n<div class=\"artdet__name-wrap mb-3 mb-lg-0\">\n<div class=\"row align-items-center row-gap-5\">\n<div class=\"col order-lg-1 d-flex flex-wrap flex-md-nowrap align-items-center row-gap-5 col-gap-10\">\n<div class=\"artdet__name-wrap mb-3 mb-lg-0\">\n<div class=\"row align-items-center row-gap-5\">\n<div class=\"col order-lg-1 d-flex flex-wrap flex-md-nowrap align-items-center row-gap-5 col-gap-10\">\n<div class=\"artdet__name-wrap mb-3 mb-lg-0\">\n<div class=\"row align-items-center row-gap-5\">\n<div class=\"col order-lg-1 d-flex flex-wrap flex-md-nowrap align-items-center row-gap-5 col-gap-10\">\n<div class=\"artdet__name-wrap mb-3 mb-lg-0\">\n<div class=\"row align-items-center row-gap-5\">\n<div class=\"col order-lg-1 d-flex flex-wrap flex-md-nowrap align-items-center row-gap-5 col-gap-10\">\n<div class=\"artdet__name-wrap mb-3 mb-lg-0\">\n<div class=\"row align-items-center row-gap-5\">\n<div class=\"col order-lg-1 d-flex flex-wrap flex-md-nowrap align-items-center row-gap-5 col-gap-10\">\n<div class=\"artdet__name-wrap mb-3 mb-lg-0\">\n<div class=\"row align-items-center row-gap-5\">\n<div class=\"col order-lg-1 d-flex flex-wrap flex-md-nowrap align-items-center row-gap-5 col-gap-10\">\n<div class=\"artdet__name-wrap mb-3 mb-lg-0\">\n<div class=\"row align-items-center row-gap-5\">\n<div class=\"col order-lg-1 d-flex flex-wrap flex-md-nowrap align-items-center row-gap-5 col-gap-10\">\n<div class=\"artdet__name-wrap mb-3 mb-lg-0\">\n<div class=\"row align-items-center row-gap-5\">\n<div class=\"col order-lg-1 d-flex flex-wrap flex-md-nowrap align-items-center row-gap-5 col-gap-10\">\n<div class=\"artdet__name-wrap mb-3 mb-lg-0\">\n<div class=\"row align-items-center row-gap-5\">\n<div class=\"col order-lg-1 d-flex flex-wrap flex-md-nowrap align-items-center row-gap-5 col-gap-10\">\n<div class=\"artdet__name-wrap mb-3 mb-lg-0\">\n<div class=\"row align-items-center row-gap-5\">\n<div class=\"col order-lg-1 d-flex flex-wrap flex-md-nowrap align-items-center row-gap-5 col-gap-10\">\n<div class=\"artdet__name-wrap mb-3 mb-lg-0\">\n<div class=\"row align-items-center row-gap-5\">\n<div class=\"col order-lg-1 d-flex flex-wrap flex-md-nowrap align-items-center row-gap-5 col-gap-10\">\n<div class=\"artdet__name-wrap mb-3 mb-lg-0\">\n<div class=\"row align-items-center row-gap-5\">\n<div class=\"col order-lg-1 d-flex flex-wrap flex-md-nowrap align-items-center row-gap-5 col-gap-10\">\n<div class=\"artdet__name-wrap mb-3 mb-lg-0\">\n<div class=\"row align-items-center row-gap-5\">\n<div class=\"col order-lg-1 d-flex flex-wrap flex-md-nowrap align-items-center row-gap-5 col-gap-10\">\n<div class=\"artdet__name-wrap mb-3 mb-lg-0\">\n<div class=\"row align-items-center row-gap-5\">\n<div class=\"col order-lg-1 d-flex flex-wrap flex-md-nowrap align-items-center row-gap-5 col-gap-10\">\n<div class=\"artdet__name-wrap mb-3 mb-lg-0\">\n<div class=\"row align-items-center row-gap-5\">\n<div class=\"col order-lg-1 d-flex flex-wrap flex-md-nowrap align-items-center row-gap-5 col-gap-10\">\n<div class=\"artdet__name-wrap mb-3 mb-lg-0\">\n<div class=\"row align-items-center row-gap-5\">\n<div class=\"col order-lg-1 d-flex flex-wrap flex-md-nowrap align-items-center row-gap-5 col-gap-10\">\n<div class=\"artdet__name-wrap mb-3 mb-lg-0\">\n<div class=\"row align-items-center row-gap-5\">\n<div class=\"col order-lg-1 d-flex flex-wrap flex-md-nowrap align-items-center row-gap-5 col-gap-10\">\n<div class=\"artdet__name-wrap mb-3 mb-lg-0\">\n<div class=\"row align-items-center row-gap-5\">\n<div class=\"col order-lg-1 d-flex flex-wrap flex-md-nowrap align-items-center row-gap-5 col-gap-10\">\n<div class=\"artdet__name-wrap mb-3 mb-lg-0\">\n<div class=\"row align-items-center row-gap-5\">\n<div class=\"col order-lg-1 d-flex flex-wrap flex-md-nowrap align-items-center row-gap-5 col-gap-10\">\n<div class=\"artdet__name-wrap mb-3 mb-lg-0\">\n<div class=\"row align-items-center row-gap-5\">\n<div class=\"col order-lg-1 d-flex flex-wrap flex-md-nowrap align-items-center row-gap-5 col-gap-10\">\n<div class=\"artdet__name-wrap mb-3 mb-lg-0\">\n<div class=\"row align-items-center row-gap-5\">\n<div class=\"col order-lg-1 d-flex flex-wrap flex-md-nowrap align-items-center row-gap-5 col-gap-10\">\n<div class=\"artdet__name-wrap mb-3 mb-lg-0\">\n<div class=\"row align-items-center row-gap-5\">\n<div class=\"col order-lg-1 d-flex flex-wrap flex-md-nowrap align-items-center row-gap-5 col-gap-10\">\n<div class=\"artdet__name-wrap mb-3 mb-lg-0\">\n<div class=\"row align-items-center row-gap-5\">\n<div class=\"col order-lg-1 d-flex flex-wrap flex-md-nowrap align-items-center row-gap-5 col-gap-10\">\n<div class=\"artdet__name-wrap mb-3 mb-lg-0\">\n<div class=\"row align-items-center row-gap-5\">\n<div class=\"col order-lg-1 d-flex flex-wrap flex-md-nowrap align-items-center row-gap-5 col-gap-10\">\n<div class=\"artdet__name-wrap mb-3 mb-lg-0\">\n<div class=\"row align-items-center row-gap-5\">\n<div class=\"col order-lg-1 d-flex flex-wrap flex-md-nowrap align-items-center row-gap-5 col-gap-10\">\n<div class=\"artdet__name-wrap mb-3 mb-lg-0\">\n<div class=\"row align-items-center row-gap-5\">\n<div class=\"col order-lg-1 d-flex flex-wrap flex-md-nowrap align-items-center row-gap-5 col-gap-10\">\n<div class=\"artdet__name-wrap mb-3 mb-lg-0\">\n<div class=\"row align-items-center row-gap-5\">\n<div class=\"col order-lg-1 d-flex flex-wrap flex-md-nowrap align-items-center row-gap-5 col-gap-10\">\n<div class=\"artdet__name-wrap mb-3 mb-lg-0\">\n<div class=\"row align-items-center row-gap-5\">\n<div class=\"col order-lg-1 d-flex flex-wrap flex-md-nowrap align-items-center row-gap-5 col-gap-10\">\n<h1 class=\"artdet__name mb-0\" title=\"MT Hang Attachment\/F\u00fcggeszt\u0151 k\u00e9szlet W\n\">MT Hang Attachment\/F\u00fcggeszt\u0151 k\u00e9szlet W<\/h1>\n<\/div>\n<\/div>\n<\/div>\n<\/div>\n<\/div>\n<\/div>\n<p class=\"artdet__name mb-0\" title=\"MT20 DALI 4KLight 48V-20W 100\u00b0 B \"><strong>MODEL: AMT-PKW<\/strong><br \/>\n\u2022 MT20\/MT16 Track Fitting Suspension Kit, 2m White<br \/>\n\u2022 Material: Metal<br \/>\n\u2022 For 4-Wire All Magnetic Tracks<br \/>\n\u2022 Dimension: L= 0-2m, Adjustable<\/p>\n<\/div>\n<\/div>\n<\/div>\n<\/div>\n<\/div>\n<\/div>\n<\/div>\n<\/div>\n<\/div>\n<\/div>\n<\/div>\n<\/div>\n<\/div>\n<\/div>\n<\/div>\n<\/div>\n<\/div>\n<\/div>\n<\/div>\n<\/div>\n<\/div>\n<\/div>\n<\/div>\n<\/div>\n<\/div>\n<\/div>\n<\/div>\n<\/div>\n<\/div>\n<\/div>\n<\/div>\n<\/div>\n<\/div>\n<\/div>\n<\/div>\n<\/div>\n<\/div>\n<\/div>\n<\/div>\n<\/div>\n<\/div>\n<\/div>\n<\/div>\n<\/div>\n<\/div>\n<\/div>\n<\/div>\n<\/div>\n<\/div>\n<\/div>\n<\/div>\n<\/div>\n<\/div>\n<\/div>\n<\/div>\n<\/div>\n<\/div>\n<\/div>\n<\/div>\n<\/div>\n<\/div>\n<\/div>\n<\/div>\n<\/div>\n<\/div>\n<\/div>\n<\/div>\n<\/div>\n<\/div>\n<\/div>\n<\/div>\n<\/div>\n<\/div>\n<\/div>\n<\/div>\n<\/div>\n<\/div>\n<\/div>\n<\/div>\n<\/div>\n<\/div>\n<\/div>\n<\/div>\n<\/div>\n<\/div>\n<\/div>\n<\/div>\n<\/div>\n<\/div>\n<\/div>\n<\/div>\n<\/div>\n<\/div>\n<\/div>\n<\/div>\n<\/div>\n<\/div>\n<\/div>\n<\/div>\n<\/div>\n<\/div>\n<\/div>\n","protected":false},"excerpt":{"rendered":"<div class=\"artdet__name-wrap mb-3 mb-lg-0\">\n<div class=\"row align-items-center row-gap-5\">\n<div class=\"col order-lg-1 d-flex flex-wrap flex-md-nowrap align-items-center row-gap-5 col-gap-10\">\n<div class=\"artdet__name-wrap mb-3 mb-lg-0\">\n<div class=\"row align-items-center row-gap-5\">\n<div class=\"col order-lg-1 d-flex flex-wrap flex-md-nowrap align-items-center row-gap-5 col-gap-10\">\n<div class=\"artdet__name-wrap mb-3 mb-lg-0\">\n<div class=\"row align-items-center row-gap-5\">\n<div class=\"col order-lg-1 d-flex flex-wrap flex-md-nowrap align-items-center row-gap-5 col-gap-10\">\n<div class=\"artdet__name-wrap mb-3 mb-lg-0\">\n<div class=\"row align-items-center row-gap-5\">\n<div class=\"col order-lg-1 d-flex flex-wrap flex-md-nowrap align-items-center row-gap-5 col-gap-10\">\n<div class=\"artdet__name-wrap mb-3 mb-lg-0\">\n<div class=\"row align-items-center row-gap-5\">\n<div class=\"col order-lg-1 d-flex flex-wrap flex-md-nowrap align-items-center row-gap-5 col-gap-10\">\n<div class=\"artdet__name-wrap mb-3 mb-lg-0\">\n<div class=\"row align-items-center row-gap-5\">\n<div class=\"col order-lg-1 d-flex flex-wrap flex-md-nowrap align-items-center row-gap-5 col-gap-10\">\n<div class=\"artdet__name-wrap mb-3 mb-lg-0\">\n<div class=\"row align-items-center row-gap-5\">\n<div class=\"col order-lg-1 d-flex flex-wrap flex-md-nowrap align-items-center row-gap-5 col-gap-10\">\n<div class=\"artdet__name-wrap mb-3 mb-lg-0\">\n<div class=\"row align-items-center row-gap-5\">\n<div class=\"col order-lg-1 d-flex flex-wrap flex-md-nowrap align-items-center row-gap-5 col-gap-10\">\n<div class=\"artdet__name-wrap mb-3 mb-lg-0\">\n<div class=\"row align-items-center row-gap-5\">\n<div class=\"col order-lg-1 d-flex flex-wrap flex-md-nowrap align-items-center row-gap-5 col-gap-10\">\n<div class=\"artdet__name-wrap mb-3 mb-lg-0\">\n<div class=\"row align-items-center row-gap-5\">\n<div class=\"col order-lg-1 d-flex flex-wrap flex-md-nowrap align-items-center row-gap-5 col-gap-10\">\n<div class=\"artdet__name-wrap mb-3 mb-lg-0\">\n<div class=\"row align-items-center row-gap-5\">\n<div class=\"col order-lg-1 d-flex flex-wrap flex-md-nowrap align-items-center row-gap-5 col-gap-10\">\n<div class=\"artdet__name-wrap mb-3 mb-lg-0\">\n<div class=\"row align-items-center row-gap-5\">\n<div class=\"col order-lg-1 d-flex flex-wrap flex-md-nowrap align-items-center row-gap-5 col-gap-10\">\n<div class=\"artdet__name-wrap mb-3 mb-lg-0\">\n<div class=\"row align-items-center row-gap-5\">\n<div class=\"col order-lg-1 d-flex flex-wrap flex-md-nowrap align-items-center row-gap-5 col-gap-10\">\n<div class=\"artdet__name-wrap mb-3 mb-lg-0\">\n<div class=\"row align-items-center row-gap-5\">\n<div class=\"col order-lg-1 d-flex flex-wrap flex-md-nowrap align-items-center row-gap-5 col-gap-10\">\n<div class=\"artdet__name-wrap mb-3 mb-lg-0\">\n<div class=\"row align-items-center row-gap-5\">\n<div class=\"col order-lg-1 d-flex flex-wrap flex-md-nowrap align-items-center row-gap-5 col-gap-10\">\n<div class=\"artdet__name-wrap mb-3 mb-lg-0\">\n<div class=\"row align-items-center row-gap-5\">\n<div class=\"col order-lg-1 d-flex flex-wrap flex-md-nowrap align-items-center row-gap-5 col-gap-10\">\n<div class=\"artdet__name-wrap mb-3 mb-lg-0\">\n<div class=\"row align-items-center row-gap-5\">\n<div class=\"col order-lg-1 d-flex flex-wrap flex-md-nowrap align-items-center row-gap-5 col-gap-10\">\n<div class=\"artdet__name-wrap mb-3 mb-lg-0\">\n<div class=\"row align-items-center row-gap-5\">\n<div class=\"col order-lg-1 d-flex flex-wrap flex-md-nowrap align-items-center row-gap-5 col-gap-10\">\n<div class=\"artdet__name-wrap mb-3 mb-lg-0\">\n<div class=\"row align-items-center row-gap-5\">\n<div class=\"col order-lg-1 d-flex flex-wrap flex-md-nowrap align-items-center row-gap-5 col-gap-10\">\n<div class=\"artdet__name-wrap mb-3 mb-lg-0\">\n<div class=\"row align-items-center row-gap-5\">\n<div class=\"col order-lg-1 d-flex flex-wrap flex-md-nowrap align-items-center row-gap-5 col-gap-10\">\n<div class=\"artdet__name-wrap mb-3 mb-lg-0\">\n<div class=\"row align-items-center row-gap-5\">\n<div class=\"col order-lg-1 d-flex flex-wrap flex-md-nowrap align-items-center row-gap-5 col-gap-10\">\n<div class=\"artdet__name-wrap mb-3 mb-lg-0\">\n<div class=\"row align-items-center row-gap-5\">\n<div class=\"col order-lg-1 d-flex flex-wrap flex-md-nowrap align-items-center row-gap-5 col-gap-10\">\n<div class=\"artdet__name-wrap mb-3 mb-lg-0\">\n<div class=\"row align-items-center row-gap-5\">\n<div class=\"col order-lg-1 d-flex flex-wrap flex-md-nowrap align-items-center row-gap-5 col-gap-10\">\n<div class=\"artdet__name-wrap mb-3 mb-lg-0\">\n<div class=\"row align-items-center row-gap-5\">\n<div class=\"col order-lg-1 d-flex flex-wrap flex-md-nowrap align-items-center row-gap-5 col-gap-10\">\n<div class=\"artdet__name-wrap mb-3 mb-lg-0\">\n<div class=\"row align-items-center row-gap-5\">\n<div class=\"col order-lg-1 d-flex flex-wrap flex-md-nowrap align-items-center row-gap-5 col-gap-10\">\n<div class=\"artdet__name-wrap mb-3 mb-lg-0\">\n<div class=\"row align-items-center row-gap-5\">\n<div class=\"col order-lg-1 d-flex flex-wrap flex-md-nowrap align-items-center row-gap-5 col-gap-10\">\n<div class=\"artdet__name-wrap mb-3 mb-lg-0\">\n<div class=\"row align-items-center row-gap-5\">\n<div class=\"col order-lg-1 d-flex flex-wrap flex-md-nowrap align-items-center row-gap-5 col-gap-10\">\n<div class=\"artdet__name-wrap mb-3 mb-lg-0\">\n<div class=\"row align-items-center row-gap-5\">\n<div class=\"col order-lg-1 d-flex flex-wrap flex-md-nowrap align-items-center row-gap-5 col-gap-10\">\n<div class=\"artdet__name-wrap mb-3 mb-lg-0\">\n<div class=\"row align-items-center row-gap-5\">\n<div class=\"col order-lg-1 d-flex flex-wrap flex-md-nowrap align-items-center row-gap-5 col-gap-10\">\n<div class=\"artdet__name-wrap mb-3 mb-lg-0\">\n<div class=\"row align-items-center row-gap-5\">\n<div class=\"col order-lg-1 d-flex flex-wrap flex-md-nowrap align-items-center row-gap-5 col-gap-10\">\n<div class=\"artdet__name-wrap mb-3 mb-lg-0\">\n<div class=\"row align-items-center row-gap-5\">\n<div class=\"col order-lg-1 d-flex flex-wrap flex-md-nowrap align-items-center row-gap-5 col-gap-10\">\n<div class=\"artdet__name-wrap mb-3 mb-lg-0\">\n<div class=\"row align-items-center row-gap-5\">\n<div class=\"col order-lg-1 d-flex flex-wrap flex-md-nowrap align-items-center row-gap-5 col-gap-10\">\n<div class=\"artdet__name-wrap mb-3 mb-lg-0\">\n<div class=\"row align-items-center row-gap-5\">\n<div class=\"col order-lg-1 d-flex flex-wrap flex-md-nowrap align-items-center row-gap-5 col-gap-10\">\n<div class=\"artdet__name-wrap mb-3 mb-lg-0\">\n<div class=\"row align-items-center row-gap-5\">\n<div class=\"col order-lg-1 d-flex flex-wrap flex-md-nowrap align-items-center row-gap-5 col-gap-10\">\n<div class=\"artdet__name-wrap mb-3 mb-lg-0\">\n<div class=\"row align-items-center row-gap-5\">\n<div class=\"col order-lg-1 d-flex flex-wrap flex-md-nowrap align-items-center row-gap-5 col-gap-10\">\n<div class=\"artdet__name-wrap mb-3 mb-lg-0\">\n<div class=\"row align-items-center row-gap-5\">\n<div class=\"col order-lg-1 d-flex flex-wrap flex-md-nowrap align-items-center row-gap-5 col-gap-10\">\n<div class=\"artdet__name-wrap mb-3 mb-lg-0\">\n<div class=\"row align-items-center row-gap-5\">\n<div class=\"col order-lg-1 d-flex flex-wrap flex-md-nowrap align-items-center row-gap-5 col-gap-10\">\n<div class=\"artdet__name-wrap mb-3 mb-lg-0\">\n<div class=\"row align-items-center row-gap-5\">\n<div class=\"col order-lg-1 d-flex flex-wrap flex-md-nowrap align-items-center row-gap-5 col-gap-10\">\n<div class=\"artdet__name-wrap mb-3 mb-lg-0\">\n<div class=\"row align-items-center row-gap-5\">\n<div class=\"col order-lg-1 d-flex flex-wrap flex-md-nowrap align-items-center row-gap-5 col-gap-10\">\n<div class=\"artdet__name-wrap mb-3 mb-lg-0\">\n<div class=\"row align-items-center row-gap-5\">\n<div class=\"col order-lg-1 d-flex flex-wrap flex-md-nowrap align-items-center row-gap-5 col-gap-10\">\n<div class=\"artdet__name-wrap mb-3 mb-lg-0\">\n<div class=\"row align-items-center row-gap-5\">\n<div class=\"col order-lg-1 d-flex flex-wrap flex-md-nowrap align-items-center row-gap-5 col-gap-10\">\n<div class=\"artdet__name-wrap mb-3 mb-lg-0\">\n<div class=\"row align-items-center row-gap-5\">\n<div class=\"col order-lg-1 d-flex flex-wrap flex-md-nowrap align-items-center row-gap-5 col-gap-10\">\n<div class=\"artdet__name-wrap mb-3 mb-lg-0\">\n<div class=\"row align-items-center row-gap-5\">\n<div class=\"col order-lg-1 d-flex flex-wrap flex-md-nowrap align-items-center row-gap-5 col-gap-10\">\n<div class=\"artdet__name-wrap mb-3 mb-lg-0\">\n<div class=\"row align-items-center row-gap-5\">\n<div class=\"col order-lg-1 d-flex flex-wrap flex-md-nowrap align-items-center row-gap-5 col-gap-10\">\n<div class=\"artdet__name-wrap mb-3 mb-lg-0\">\n<div class=\"row align-items-center row-gap-5\">\n<div class=\"col order-lg-1 d-flex flex-wrap flex-md-nowrap align-items-center row-gap-5 col-gap-10\">\n<div class=\"artdet__name-wrap mb-3 mb-lg-0\">\n<div class=\"row align-items-center row-gap-5\">\n<div class=\"col order-lg-1 d-flex flex-wrap flex-md-nowrap align-items-center row-gap-5 col-gap-10\">\n<div class=\"artdet__name-wrap mb-3 mb-lg-0\">\n<div class=\"row align-items-center row-gap-5\">\n<div class=\"col order-lg-1 d-flex flex-wrap flex-md-nowrap align-items-center row-gap-5 col-gap-10\">\n<div class=\"artdet__name-wrap mb-3 mb-lg-0\">\n<div class=\"row align-items-center row-gap-5\">\n<div class=\"col order-lg-1 d-flex flex-wrap flex-md-nowrap align-items-center row-gap-5 col-gap-10\">\n<div class=\"artdet__name-wrap mb-3 mb-lg-0\">\n<div class=\"row align-items-center row-gap-5\">\n<div class=\"col order-lg-1 d-flex flex-wrap flex-md-nowrap align-items-center row-gap-5 col-gap-10\">\n<div class=\"artdet__name-wrap mb-3 mb-lg-0\">\n<div class=\"row align-items-center row-gap-5\">\n<div class=\"col order-lg-1 d-flex flex-wrap flex-md-nowrap align-items-center row-gap-5 col-gap-10\">\n<div class=\"artdet__name-wrap mb-3 mb-lg-0\">\n<div class=\"row align-items-center row-gap-5\">\n<div class=\"col order-lg-1 d-flex flex-wrap flex-md-nowrap align-items-center row-gap-5 col-gap-10\">\n<div class=\"artdet__name-wrap mb-3 mb-lg-0\">\n<div class=\"row align-items-center row-gap-5\">\n<div class=\"col order-lg-1 d-flex flex-wrap flex-md-nowrap align-items-center row-gap-5 col-gap-10\">\n<div class=\"artdet__name-wrap mb-3 mb-lg-0\">\n<div class=\"row align-items-center row-gap-5\">\n<div class=\"col order-lg-1 d-flex flex-wrap flex-md-nowrap align-items-center row-gap-5 col-gap-10\">\n<div class=\"artdet__name-wrap mb-3 mb-lg-0\">\n<div class=\"row align-items-center row-gap-5\">\n<div class=\"col order-lg-1 d-flex flex-wrap flex-md-nowrap align-items-center row-gap-5 col-gap-10\">\n<div class=\"artdet__name-wrap mb-3 mb-lg-0\">\n<div class=\"row align-items-center row-gap-5\">\n<div class=\"col order-lg-1 d-flex flex-wrap flex-md-nowrap align-items-center row-gap-5 col-gap-10\">\n<div class=\"artdet__name-wrap mb-3 mb-lg-0\">\n<div class=\"row align-items-center row-gap-5\">\n<div class=\"col order-lg-1 d-flex flex-wrap flex-md-nowrap align-items-center row-gap-5 col-gap-10\">\n<div class=\"artdet__name-wrap mb-3 mb-lg-0\">\n<div class=\"row align-items-center row-gap-5\">\n<div class=\"col order-lg-1 d-flex flex-wrap flex-md-nowrap align-items-center row-gap-5 col-gap-10\">\n<div class=\"artdet__name-wrap mb-3 mb-lg-0\">\n<div class=\"row align-items-center row-gap-5\">\n<div class=\"col order-lg-1 d-flex flex-wrap flex-md-nowrap align-items-center row-gap-5 col-gap-10\">\n<div class=\"artdet__name-wrap mb-3 mb-lg-0\">\n<div class=\"row align-items-center row-gap-5\">\n<div class=\"col order-lg-1 d-flex flex-wrap flex-md-nowrap align-items-center row-gap-5 col-gap-10\">\n<div class=\"artdet__name-wrap mb-3 mb-lg-0\">\n<div class=\"row align-items-center row-gap-5\">\n<div class=\"col order-lg-1 d-flex flex-wrap flex-md-nowrap align-items-center row-gap-5 col-gap-10\">\n<div class=\"artdet__name-wrap mb-3 mb-lg-0\">\n<div class=\"row align-items-center row-gap-5\">\n<div class=\"col order-lg-1 d-flex flex-wrap flex-md-nowrap align-items-center row-gap-5 col-gap-10\">\n<div class=\"artdet__name-wrap mb-3 mb-lg-0\">\n<div class=\"row align-items-center row-gap-5\">\n<div class=\"col order-lg-1 d-flex flex-wrap flex-md-nowrap align-items-center row-gap-5 col-gap-10\">\n<div class=\"artdet__name-wrap mb-3 mb-lg-0\">\n<div class=\"row align-items-center row-gap-5\">\n<div class=\"col order-lg-1 d-flex flex-wrap flex-md-nowrap align-items-center row-gap-5 col-gap-10\">\n<div class=\"artdet__name-wrap mb-3 mb-lg-0\">\n<div class=\"row align-items-center row-gap-5\">\n<div class=\"col order-lg-1 d-flex flex-wrap flex-md-nowrap align-items-center row-gap-5 col-gap-10\">\n<h1 class=\"artdet__name mb-0\" title=\"MT Hang Attachment\/F\u00fcggeszt\u0151 k\u00e9szlet W\n\">MT Hang Attachment\/F\u00fcggeszt\u0151 k\u00e9szlet W<\/h1>\n<\/div>\n<\/div>\n<\/div>\n<\/div>\n<\/div>\n<\/div>\n<p class=\"artdet__name mb-0\" title=\"MT20 DALI 4KLight 48V-20W 100\u00b0 B \"><strong>MODEL: AMT-PKW<\/strong><\/p>\n<\/div>\n<\/div>\n<\/div>\n<\/div>\n<\/div>\n<\/div>\n<\/div>\n<\/div>\n<\/div>\n<\/div>\n<\/div>\n<\/div>\n<\/div>\n<\/div>\n<\/div>\n<\/div>\n<\/div>\n<\/div>\n<\/div>\n<\/div>\n<\/div>\n<\/div>\n<\/div>\n<\/div>\n<\/div>\n<\/div>\n<\/div>\n<\/div>\n<\/div>\n<\/div>\n<\/div>\n<\/div>\n<\/div>\n<\/div>\n<\/div>\n<\/div>\n<\/div>\n<\/div>\n<\/div>\n<\/div>\n<\/div>\n<\/div>\n<\/div>\n<\/div>\n<\/div>\n<\/div>\n<\/div>\n<\/div>\n<\/div>\n<\/div>\n<\/div>\n<\/div>\n<\/div>\n<\/div>\n<\/div>\n<\/div>\n<\/div>\n<\/div>\n<\/div>\n<\/div>\n<\/div>\n<\/div>\n<\/div>\n<\/div>\n<\/div>\n<\/div>\n<\/div>\n<\/div>\n<\/div>\n<\/div>\n<\/div>\n<\/div>\n<\/div>\n<\/div>\n<\/div>\n<\/div>\n<\/div>\n<\/div>\n<\/div>\n<\/div>\n<\/div>\n<\/div>\n<\/div>\n<\/div>\n<\/div>\n<\/div>\n<\/div>\n<\/div>\n<\/div>\n<\/div>\n<\/div>\n<\/div>\n<\/div>\n<\/div>\n<\/div>\n<\/div>\n<\/div>\n<\/div>\n<\/div>\n<\/div>\n<\/div>\n<\/div>\n<\/div>\n<\/div>\n<\/div>\n<\/div>\n<\/div>\n<\/div>\n<\/div>\n<\/div>\n<\/div>\n<\/div>\n<\/div>\n<\/div>\n<\/div>\n<\/div>\n<\/div>\n<\/div>\n<\/div>\n<\/div>\n<\/div>\n<\/div>\n<\/div>\n<\/div>\n<\/div>\n<\/div>\n<\/div>\n<\/div>\n<\/div>\n<\/div>\n<\/div>\n<\/div>\n<\/div>\n<\/div>\n<\/div>\n<\/div>\n<\/div>\n<\/div>\n<\/div>\n<\/div>\n<\/div>\n<\/div>\n<\/div>\n<\/div>\n<\/div>\n<\/div>\n<\/div>\n<\/div>\n<\/div>\n<\/div>\n<\/div>\n<\/div>\n<\/div>\n<\/div>\n<\/div>\n<\/div>\n<\/div>\n<\/div>\n<\/div>\n<\/div>\n<\/div>\n<\/div>\n<\/div>\n<\/div>\n<\/div>\n<\/div>\n<\/div>\n<\/div>\n<\/div>\n<\/div>\n<\/div>\n<\/div>\n<\/div>\n<\/div>\n<\/div>\n<\/div>\n<\/div>\n<\/div>\n<\/div>\n<\/div>\n<\/div>\n<\/div>\n<\/div>\n<\/div>\n<\/div>\n<\/div>\n","protected":false},"featured_media":1336,"comment_status":"closed","ping_status":"closed","template":"","meta":[],"product_brand":[],"product_cat":[51],"product_tag":[],"class_list":{"0":"post-1334","1":"product","2":"type-product","3":"status-publish","4":"has-post-thumbnail","6":"product_cat-accessories-for-mt20-tracks-48v","8":"first","9":"instock","10":"shipping-taxable","11":"purchasable","12":"product-type-simple"},"_links":{"self":[{"href":"https:\/\/actuate.systems\/index.php?rest_route=\/wp\/v2\/product\/1334","targetHints":{"allow":["GET"]}}],"collection":[{"href":"https:\/\/actuate.systems\/index.php?rest_route=\/wp\/v2\/product"}],"about":[{"href":"https:\/\/actuate.systems\/index.php?rest_route=\/wp\/v2\/types\/product"}],"replies":[{"embeddable":true,"href":"https:\/\/actuate.systems\/index.php?rest_route=%2Fwp%2Fv2%2Fcomments&post=1334"}],"wp:featuredmedia":[{"embeddable":true,"href":"https:\/\/actuate.systems\/index.php?rest_route=\/wp\/v2\/media\/1336"}],"wp:attachment":[{"href":"https:\/\/actuate.systems\/index.php?rest_route=%2Fwp%2Fv2%2Fmedia&parent=1334"}],"wp:term":[{"taxonomy":"product_brand","embeddable":true,"href":"https:\/\/actuate.systems\/index.php?rest_route=%2Fwp%2Fv2%2Fproduct_brand&post=1334"},{"taxonomy":"product_cat","embeddable":true,"href":"https:\/\/actuate.systems\/index.php?rest_route=%2Fwp%2Fv2%2Fproduct_cat&post=1334"},{"taxonomy":"product_tag","embeddable":true,"href":"https:\/\/actuate.systems\/index.php?rest_route=%2Fwp%2Fv2%2Fproduct_tag&post=1334"}],"curies":[{"name":"wp","href":"https:\/\/api.w.org\/{rel}","templated":true}]}}