{"id":2080,"date":"2025-11-04T14:59:13","date_gmt":"2025-11-04T14:59:13","guid":{"rendered":"https:\/\/actuate.systems\/?post_type=product&#038;p=2080"},"modified":"2025-11-04T15:02:43","modified_gmt":"2025-11-04T15:02:43","slug":"ss-wire-rope-drotkotel-o1-5-7x7","status":"publish","type":"product","link":"https:\/\/actuate.systems\/?product=ss-wire-rope-drotkotel-o1-5-7x7","title":{"rendered":"SS Wire Rope\/Dr\u00f3tk\u00f6t\u00e9l, \u00d81.5-7&#215;7"},"content":{"rendered":"<div class=\"artdet__name-wrap mb-3 mb-lg-0\">\n<div class=\"row align-items-center row-gap-5\">\n<div class=\"col order-lg-1 d-flex flex-wrap flex-md-nowrap align-items-center row-gap-5 col-gap-10\">\n<h1 class=\"artdet__name mb-0\" title=\"SS Wire Rope\/Dr\u00f3tk\u00f6t\u00e9l,  \u00d81.5-7x7\n\">SS Wire Rope\/Dr\u00f3tk\u00f6t\u00e9l, \u00d81.5-7&#215;7<\/h1>\n<\/div>\n<\/div>\n<\/div>\n<div class=\"social-reviews-sku-wrap row gutters-10 align-items-center flex-wrap row-gap-5 mb-1\">\n<div class=\"col\">\n<div class=\"artdet__sku d-flex flex-wrap text-muted\">\n<div id=\"artdet__short-descrition\" class=\"artdet__short-descripton mb-4\">\n<div class=\"artdet__short-descripton-content\"><strong>MODEL: AWR15<\/strong><br \/>\n\u2022 Stainless Steel Wire Rope, \u00d81.5-7&#215;7<br \/>\n\u2022 Material: Flexible\u00a0\u00a0Stainless Steel, SS304<br \/>\n\u2022 OD-\u00d81.5, Construction: 7&#215;7<br \/>\n\u2022 Break Load 140Kg, Safe Load 29Kg<br \/>\n\u2022 Dimension: OD-\u00d81.5<br \/>\n\u2022 500M\/wood wheel<\/div>\n<\/div>\n<div id=\"artdet__param-spec\" class=\"mb-4\">\n<div class=\"artdet__spec-params artdet__spec-params--2 row gutters-md-20 gutters-xxl-40 mb-3\">\n<div class=\"col-sm-6 col-md-12 spec-param-left\">\n<div id=\"page_artdet_product_param_spec_6953244\" class=\"artdet__spec-param py-2 product_param_type_link_text\">\n<div class=\"row gutters-10 align-items-center\">\n<div class=\"col-6\"><\/div>\n<\/div>\n<\/div>\n<\/div>\n<\/div>\n<\/div>\n<\/div>\n<\/div>\n<\/div>\n","protected":false},"excerpt":{"rendered":"<div class=\"artdet__name-wrap mb-3 mb-lg-0\">\n<div class=\"row align-items-center row-gap-5\">\n<div class=\"col order-lg-1 d-flex flex-wrap flex-md-nowrap align-items-center row-gap-5 col-gap-10\">\n<h1 class=\"artdet__name mb-0\" title=\"SS Wire Rope\/Dr\u00f3tk\u00f6t\u00e9l,  \u00d81.5-7x7\n\">SS Wire Rope\/Dr\u00f3tk\u00f6t\u00e9l, \u00d81.5-7&#215;7<\/h1>\n<\/div>\n<\/div>\n<\/div>\n<div class=\"social-reviews-sku-wrap row gutters-10 align-items-center flex-wrap row-gap-5 mb-1\">\n<div class=\"col\">\n<div class=\"artdet__sku d-flex flex-wrap text-muted\">\n<div id=\"artdet__short-descrition\" class=\"artdet__short-descripton mb-4\">\n<div class=\"artdet__short-descripton-content\"><strong>MODEL: AWR15<\/strong><\/div>\n<\/div>\n<\/div>\n<\/div>\n<\/div>\n","protected":false},"featured_media":2083,"comment_status":"closed","ping_status":"closed","template":"","meta":[],"product_brand":[],"product_cat":[61],"product_tag":[],"class_list":{"0":"post-2080","1":"product","2":"type-product","3":"status-publish","4":"has-post-thumbnail","6":"product_cat-accessories-for-all-tracks","8":"first","9":"instock","10":"shipping-taxable","11":"purchasable","12":"product-type-simple"},"_links":{"self":[{"href":"https:\/\/actuate.systems\/index.php?rest_route=\/wp\/v2\/product\/2080","targetHints":{"allow":["GET"]}}],"collection":[{"href":"https:\/\/actuate.systems\/index.php?rest_route=\/wp\/v2\/product"}],"about":[{"href":"https:\/\/actuate.systems\/index.php?rest_route=\/wp\/v2\/types\/product"}],"replies":[{"embeddable":true,"href":"https:\/\/actuate.systems\/index.php?rest_route=%2Fwp%2Fv2%2Fcomments&post=2080"}],"wp:featuredmedia":[{"embeddable":true,"href":"https:\/\/actuate.systems\/index.php?rest_route=\/wp\/v2\/media\/2083"}],"wp:attachment":[{"href":"https:\/\/actuate.systems\/index.php?rest_route=%2Fwp%2Fv2%2Fmedia&parent=2080"}],"wp:term":[{"taxonomy":"product_brand","embeddable":true,"href":"https:\/\/actuate.systems\/index.php?rest_route=%2Fwp%2Fv2%2Fproduct_brand&post=2080"},{"taxonomy":"product_cat","embeddable":true,"href":"https:\/\/actuate.systems\/index.php?rest_route=%2Fwp%2Fv2%2Fproduct_cat&post=2080"},{"taxonomy":"product_tag","embeddable":true,"href":"https:\/\/actuate.systems\/index.php?rest_route=%2Fwp%2Fv2%2Fproduct_tag&post=2080"}],"curies":[{"name":"wp","href":"https:\/\/api.w.org\/{rel}","templated":true}]}}